
{"id":31,"date":"2015-07-14T15:04:31","date_gmt":"2015-07-14T15:04:31","guid":{"rendered":"https:\/\/mticioqu.expressions.syr.edu\/historyofthespanishlanguage\/?page_id=31"},"modified":"2015-07-14T15:04:31","modified_gmt":"2015-07-14T15:04:31","slug":"la-genealogia-del-espanol","status":"publish","type":"page","link":"https:\/\/mticioqu.expressions.syr.edu\/historyofthespanishlanguage\/la-genealogia-del-espanol\/","title":{"rendered":"La genealog\u00eda del espa\u00f1ol"},"content":{"rendered":"<p class=\"p1\"><span class=\"s1\"><b>Algunas f<\/b><\/span><span class=\"s2\"><b>amilias<\/b><\/span><span class=\"s3\"><b>&#8211;<\/b><\/span><span class=\"s1\"><b>\u00a0ling\u00fc\u00edsticas importantes<\/b><\/span><span class=\"s4\"><b>\u00a0<\/b><\/span><\/p>\n<p class=\"p1\"><span class=\"s4\">Hay algunas fa<\/span><span class=\"s5\">milias\u00a0ling\u00fc\u00edsticas<\/span><span class=\"s6\">\u00a0<\/span><span class=\"s4\">importantes que impactan la cultura y influyen el espa\u00f1ol. Estas lenguas son la familia sino-tibetana, familia drav\u00eddica, familia afroasi\u00e1tica, familia niger-kordofania, familia turca, familia uralica, y familia indoeuropea. Cada lengua tiene <\/span><span class=\"s5\">muchos<\/span><span class=\"s5\">\u00a0hablantes<\/span><span class=\"s4\"> de\u00a0<\/span><span class=\"s5\">todas<\/span><span class=\"s7\">\u00a0<\/span><span class=\"s5\">partes<\/span><span class=\"s4\"> del mundo. <\/span><span class=\"s5\">Algunos pa\u00edses se encuentran por debajo:<\/span><span class=\"s6\">\u00a0<\/span><\/p>\n<p>1.\u00a0\u00a0\u00a0\u00a0 Familia sino-tibetana: hablantes del chino y del birmano<\/p>\n<p>2.\u00a0\u00a0\u00a0\u00a0 Familia drav\u00eddica: hablantes del sur de la India<\/p>\n<p>3.\u00a0\u00a0\u00a0\u00a0 Familia afroasi\u00e1tica: hablantes \u00e1rabe y hebreo<\/p>\n<p>4.\u00a0\u00a0\u00a0\u00a0 Familia niger-kordofania: hablantes de suajili<\/p>\n<p>5.\u00a0\u00a0\u00a0\u00a0 Familia turca: hablantes de Turqu\u00eda, Azerbaiy\u00e1n, China, y Rusia<\/p>\n<p>6.\u00a0\u00a0\u00a0\u00a0 Familia indoeuropea: es una categor\u00eda propia<\/p>\n<p><span style=\"text-decoration: underline;\"><strong>Familia ling\u00fc\u00edstica indoeuropea <\/strong><\/span><\/p>\n<p><strong>\u00a0<\/strong>La familia con mas importancia y que representa el fundamento de las lenguas de casi todos los lugares europeos y sus colonias es la familia <em>indoeuropea<\/em><strong><em>.<\/em> <\/strong>Muchos piensan que es la lengua que hablaron los ciudadanos de Anatolia hace nueve mil a\u00f1os. En el este, este familia todav\u00eda es prevalente en las lenguas indicas, iranias, y armenias. Para referirse al parte que no tenemos documentaci\u00f3n, se usa <em>proto<\/em> y se llama <em>protoindoeuropea<\/em>. La lengua est\u00e1 dividida por los siguientes partes:<\/p>\n<p>1.\u00a0\u00a0\u00a0\u00a0 Germ\u00e1nica- alem\u00e1n, ingles, holand\u00e9s, frison, danes, noruego, sueco, islandes<\/p>\n<p>2.\u00a0\u00a0\u00a0\u00a0 Indica- hindi, urdu, bengali, gitano<\/p>\n<p>3.\u00a0\u00a0\u00a0\u00a0 Eslava- ruso, checo, eslovaco, esloveno, serbo-croata, macedonio, b\u00falgaro, ucraniano, bielorruso, polaco<\/p>\n<p>4.\u00a0\u00a0\u00a0\u00a0 Irania- farsi, curdo<\/p>\n<p>5.\u00a0\u00a0\u00a0\u00a0 Celta- gales, irland\u00e9s, breton<\/p>\n<p>6.\u00a0\u00a0\u00a0\u00a0 Hel\u00e9nica- griego<\/p>\n<p>7.\u00a0\u00a0\u00a0\u00a0 It\u00e1lica<a href=\"https:\/\/mticioqu.expressions.syr.edu\/historyofthespanishlanguage\/wp-content\/uploads\/sites\/5\/2014\/10\/anatolia_map.jpg\"><img decoding=\"async\" loading=\"lazy\" class=\"aligncenter wp-image-34 size-medium\" src=\"https:\/\/mticioqu.expressions.syr.edu\/historyofthespanishlanguage\/wp-content\/uploads\/sites\/5\/2014\/10\/anatolia_map-300x141.jpg\" alt=\"Webpage Setup 28:08:08\" width=\"300\" height=\"141\" srcset=\"https:\/\/mticioqu.expressions.syr.edu\/historyofthespanishlanguage\/wp-content\/uploads\/sites\/5\/2014\/10\/anatolia_map-300x141.jpg 300w, https:\/\/mticioqu.expressions.syr.edu\/historyofthespanishlanguage\/wp-content\/uploads\/sites\/5\/2014\/10\/anatolia_map.jpg 650w\" sizes=\"(max-width: 300px) 100vw, 300px\" \/><\/a><\/p>\n<p><span style=\"text-decoration: underline;\"><strong>La rama italica<\/strong><\/span><\/p>\n<p>Se dice que los primeros oradores de la rama it\u00e1lica de la familia indoeuropea vinieron a la Pen\u00ednsula It\u00e1lica ca. 1000 aC. Estas hablantes colocaron en el centro, que posteriormente se convertir\u00eda en Roma. Luego llegaron m\u00e1s grupos del altavoces. Los oscos del sur y los umbros del noreste vinieron al centro de la Pen\u00ednsula tambi\u00e9n. Cuando la \u00e1rea del Rome creci\u00f3 en importancia, lat\u00edn ya no era el \u00fanico idioma que se habla.\u00a0 Durante este tiempo, pas\u00f3 un tipo especial de biling\u00fcismo llamado diglosia. Diglosia es cuando dos o m\u00e1s lenguas coexisten en una comunidad al mismo tiempo. Por lo general niveles al dentro de la comunidad desarrollaron. La \u201calta\u201d es la forma mas formal que esta utilizada en escuelas y en la escritura. La \u201cbaja\u201d es la forma m\u00e1s casual, r\u00fastica, y popular. Esta secta domina la cultura porque esta usado cada d\u00eda. En total, la gente que vivieron en el centro del Pen\u00ednsula fue compilada de espa\u00f1ol, franc\u00e9s, italiano, portugu\u00e9s, gallego, catal\u00e1n, occitano, rumano, sardo, y romanche.<\/p>\n<p>http:\/\/www.proel.org\/index.php?pagina=mundo\/indoeuro\/italico<\/p>\n<p><span style=\"text-decoration: underline;\"><strong>La genealog\u00eda de espa\u00f1ol<\/strong><\/span><\/p>\n<p>&nbsp;<\/p>\n<p>En la genealog\u00eda de espa\u00f1ol se presenta la posici\u00f3n de la familia de lenguas en relaci\u00f3n de la descendencia de protoindoeuropeo a espa\u00f1ol. Es importante darse cuenta de que el n\u00famero de protolenguas intermedias que hace falta postular es enorme. Poco despu\u00e9s de la desintegraci\u00f3n del Imperio Romano un nueva entidad ling\u00fc\u00edstica, que se llama \u201cprotoiberorromance\u201d y que fue una variante del protorromancce occidental, apareci\u00f3 en la Pen\u00ednsula Ib\u00e9rica. Ahora, el protorromancce occidental es claramente distinguible del protogalorromance y del protoitalorromance fuera de la pen\u00ednsula y del protocatalan en el este, el protohispanorromance en el centro y el protogallego-portugue en el oeste de la pen\u00ednsula, pero todas estas modalidades seguir\u00edan siendo mutuamente comprensibles. Un par de siglos mas tarde comienza la diferenciaci\u00f3n de los dialectos hispanorromances. En el oeste se asemejan al gallego y en el este se asemejan al catal\u00e1n. El castellano nace en el centro y se desarrolla en el mismo momento que el andaluz, y del andaluz se desarrolla el canario. Entonces, el castellano, andaluz y canario contribuyen a la fisonom\u00eda del espa\u00f1ol americano hoy.<\/p>\n<p><a style=\"line-height: 1.5;\" href=\"https:\/\/mticioqu.expressions.syr.edu\/historyofthespanishlanguage\/wp-content\/uploads\/sites\/5\/2014\/10\/photo.jpg\"><img decoding=\"async\" loading=\"lazy\" class=\"alignnone size-medium wp-image-41\" src=\"https:\/\/mticioqu.expressions.syr.edu\/historyofthespanishlanguage\/wp-content\/uploads\/sites\/5\/2014\/10\/photo-300x192.jpg\" alt=\"photo\" width=\"300\" height=\"192\" srcset=\"https:\/\/mticioqu.expressions.syr.edu\/historyofthespanishlanguage\/wp-content\/uploads\/sites\/5\/2014\/10\/photo-300x192.jpg 300w, https:\/\/mticioqu.expressions.syr.edu\/historyofthespanishlanguage\/wp-content\/uploads\/sites\/5\/2014\/10\/photo-1024x655.jpg 1024w, https:\/\/mticioqu.expressions.syr.edu\/historyofthespanishlanguage\/wp-content\/uploads\/sites\/5\/2014\/10\/photo.jpg 1268w\" sizes=\"(max-width: 300px) 100vw, 300px\" \/><\/a><\/p>\n<p><span style=\"text-decoration: underline;\"><strong>Las familias ling\u00fc\u00edsticas<\/strong><\/span><\/p>\n<p>Las familias ling\u00fc\u00edsticas son muy similares a la descendencia humana. Sin embargo, tienen sus caracter\u00edsticas propias que se separan de los dem\u00e1s.\u00a0 No hay generaciones, nacimientos, y muertos, porque en las ling\u00fc\u00edsticas se evolucionan gradualmente y siempre hay un aspecto que se puede atrasar dentro las descendencias. Otro aspecto de las ling\u00fc\u00edsticos es que las lenguas tienen capaces de dividirse en dos o mas modalidades diferentes. Este se puede ver en el \u00e1rbol geneal\u00f3gico que las lenguas no se reproducen, sino con los movimientos y migraciones de hablantes cambian, afectan y evolucionan las lenguas.<\/p>\n<p>Tambi\u00e9n podemos estudiar el m\u00e9todo comparativo que nos dan sonidos, palabras, estructuras sint\u00e1cticas (cognados) que habr\u00e1n sido parte de los componentes de una lengua primitiva.\u00a0 algunas componentes. Adem\u00e1s, las protolenguas nos ense\u00f1an que no hay testimonios escritas de algunas lenguas.<\/p>\n","protected":false},"excerpt":{"rendered":"<p>Algunas familias&#8211;\u00a0ling\u00fc\u00edsticas importantes\u00a0 Hay algunas familias\u00a0ling\u00fc\u00edsticas\u00a0importantes que impactan la cultura y influyen el espa\u00f1ol. Estas lenguas son la familia sino-tibetana, familia drav\u00eddica, familia afroasi\u00e1tica, familia niger-kordofania, familia turca, familia uralica, y familia indoeuropea. Cada lengua tiene muchos\u00a0hablantes de\u00a0todas\u00a0partes del mundo. Algunos pa\u00edses se encuentran por debajo:\u00a0 1.\u00a0\u00a0\u00a0\u00a0 Familia sino-tibetana: hablantes del chino y del birmano &hellip; <a href=\"https:\/\/mticioqu.expressions.syr.edu\/historyofthespanishlanguage\/la-genealogia-del-espanol\/\" class=\"more-link\">Continue reading <span class=\"screen-reader-text\">La genealog\u00eda del espa\u00f1ol<\/span> <span class=\"meta-nav\">&rarr;<\/span><\/a><\/p>\n","protected":false},"author":30,"featured_media":0,"parent":0,"menu_order":0,"comment_status":"open","ping_status":"open","template":"","meta":[],"_links":{"self":[{"href":"https:\/\/mticioqu.expressions.syr.edu\/historyofthespanishlanguage\/wp-json\/wp\/v2\/pages\/31"}],"collection":[{"href":"https:\/\/mticioqu.expressions.syr.edu\/historyofthespanishlanguage\/wp-json\/wp\/v2\/pages"}],"about":[{"href":"https:\/\/mticioqu.expressions.syr.edu\/historyofthespanishlanguage\/wp-json\/wp\/v2\/types\/page"}],"author":[{"embeddable":true,"href":"https:\/\/mticioqu.expressions.syr.edu\/historyofthespanishlanguage\/wp-json\/wp\/v2\/users\/30"}],"replies":[{"embeddable":true,"href":"https:\/\/mticioqu.expressions.syr.edu\/historyofthespanishlanguage\/wp-json\/wp\/v2\/comments?post=31"}],"version-history":[{"count":12,"href":"https:\/\/mticioqu.expressions.syr.edu\/historyofthespanishlanguage\/wp-json\/wp\/v2\/pages\/31\/revisions"}],"predecessor-version":[{"id":291,"href":"https:\/\/mticioqu.expressions.syr.edu\/historyofthespanishlanguage\/wp-json\/wp\/v2\/pages\/31\/revisions\/291"}],"wp:attachment":[{"href":"https:\/\/mticioqu.expressions.syr.edu\/historyofthespanishlanguage\/wp-json\/wp\/v2\/media?parent=31"}],"curies":[{"name":"wp","href":"https:\/\/api.w.org\/{rel}","templated":true}]}}