
{"id":11,"date":"2013-12-06T03:00:48","date_gmt":"2013-12-06T03:00:48","guid":{"rendered":"https:\/\/mticioqu.expressions.syr.edu\/spanish439display\/?page_id=11"},"modified":"2013-12-06T15:41:00","modified_gmt":"2013-12-06T15:41:00","slug":"allie-anthony","status":"publish","type":"page","link":"https:\/\/mticioqu.expressions.syr.edu\/spanish439display\/allie-anthony\/","title":{"rendered":"Allie &amp; Anthony"},"content":{"rendered":"<p>Hola todos, somos Allie Villa y Anthony Wright y nosotros dos somos estudiantes de Espa\u00f1ol y comunicaciones en nuestro ultimo a\u00f1o en la universidad. Tomamos esta clase porque quer\u00edamos trabajar en la comunicad y practicar nuestro espa\u00f1ol hablado en situaciones m\u00e1s reales. Trabajamos en La Casita ense\u00f1ando un tipo de baile a estudiantes en la comunidad. Abajo, hemos puesto un enlace de nuestra presentaci\u00f3n final que describe nuestro trabajo en la comunidad y puede verlo para aprender m\u00e1s.<\/p>\n<p>Tambi\u00e9n puede ver un parte de los blogs de la clase.<\/p>\n<p><strong>Anthony<\/strong>:\u00a0En resumen, era una experiencia muy buena y era un placer trabajar all\u00ed para mi. La cosa m\u00e1s grande que quer\u00eda cambiar es el hecho que nosotros no hablamos en espa\u00f1ol mucho. Es dif\u00edcil porque la mayor\u00eda de los estudiantes no hablan espa\u00f1ol y si hablamos en espa\u00f1ol omitir\u00edamos muchos de las conversaciones. Quiz\u00e1s pod\u00edamos ense\u00f1arles espa\u00f1ol. Es dif\u00edcil porque la raz\u00f3n que yo quer\u00eda tomar esta clase es porque quer\u00eda aprender m\u00e1s y practicar espa\u00f1ol. Si los estudiantes de esta curso no hacen el Bomba y Plena, los estudiantes sufren pero los estudiantes de nuestra clase como Allie y yo sufrimos si no practicamos m\u00e1s.<\/p>\n<p><strong>Presentaci\u00f3n:<\/strong><br \/>\nhttp:\/\/prezi.com\/rkc0smvof8nk\/edit\/?auth_key=060hqxy&#038;follow=8-cqmryg5z2r#1_24309637<\/p>\n","protected":false},"excerpt":{"rendered":"<p>Hola todos, somos Allie Villa y Anthony Wright y nosotros dos somos estudiantes de Espa\u00f1ol y comunicaciones en nuestro ultimo a\u00f1o en la universidad. Tomamos esta clase porque quer\u00edamos trabajar en la comunicad y practicar nuestro espa\u00f1ol hablado en situaciones m\u00e1s reales. Trabajamos en La Casita ense\u00f1ando un tipo de baile a estudiantes en la &hellip; <a href=\"https:\/\/mticioqu.expressions.syr.edu\/spanish439display\/allie-anthony\/\" class=\"more-link\">Continue reading <span class=\"screen-reader-text\">Allie &amp; Anthony<\/span> <span class=\"meta-nav\">&rarr;<\/span><\/a><\/p>\n","protected":false},"author":1,"featured_media":0,"parent":0,"menu_order":0,"comment_status":"open","ping_status":"open","template":"","meta":[],"_links":{"self":[{"href":"https:\/\/mticioqu.expressions.syr.edu\/spanish439display\/wp-json\/wp\/v2\/pages\/11"}],"collection":[{"href":"https:\/\/mticioqu.expressions.syr.edu\/spanish439display\/wp-json\/wp\/v2\/pages"}],"about":[{"href":"https:\/\/mticioqu.expressions.syr.edu\/spanish439display\/wp-json\/wp\/v2\/types\/page"}],"author":[{"embeddable":true,"href":"https:\/\/mticioqu.expressions.syr.edu\/spanish439display\/wp-json\/wp\/v2\/users\/1"}],"replies":[{"embeddable":true,"href":"https:\/\/mticioqu.expressions.syr.edu\/spanish439display\/wp-json\/wp\/v2\/comments?post=11"}],"version-history":[{"count":4,"href":"https:\/\/mticioqu.expressions.syr.edu\/spanish439display\/wp-json\/wp\/v2\/pages\/11\/revisions"}],"predecessor-version":[{"id":83,"href":"https:\/\/mticioqu.expressions.syr.edu\/spanish439display\/wp-json\/wp\/v2\/pages\/11\/revisions\/83"}],"wp:attachment":[{"href":"https:\/\/mticioqu.expressions.syr.edu\/spanish439display\/wp-json\/wp\/v2\/media?parent=11"}],"curies":[{"name":"wp","href":"https:\/\/api.w.org\/{rel}","templated":true}]}}