
{"id":19,"date":"2013-12-06T14:50:51","date_gmt":"2013-12-06T14:50:51","guid":{"rendered":"https:\/\/mticioqu.expressions.syr.edu\/spanish439display\/?page_id=19"},"modified":"2013-12-19T18:16:26","modified_gmt":"2013-12-19T18:16:26","slug":"alex","status":"publish","type":"page","link":"https:\/\/mticioqu.expressions.syr.edu\/spanish439display\/alex\/","title":{"rendered":"Alex"},"content":{"rendered":"<p>\u00a1Hola! Me llamo Alex. Soy una estudiante de la Universidad de Syracuse. Estoy en mi \u00faltimo a\u00f1o. Mi especialidad es periodismo, pero tengo una especialidad en espa\u00f1ol, tambi\u00e9n. Tom\u00e9 la clase del servicio del comunidad para practicar espa\u00f1ol en una situaci\u00f3n real. Tambi\u00e9n, quer\u00eda a ayudar los ni\u00f1os en el Near Westside de Syracuse. Complet\u00e9 mi servicio en la Escuela Elemental de Seymour en una clase de kinder.<\/p>\n<p>Durante mi experiencia, encontr\u00e9 evidencia de que las vidas en casa de los ni\u00f1os no son muy buenas en general. Algunos eran pobres o viviendo en barrios de crimen y drogas. Me gustaba ir todas las semanas porque vi el impacto en sus vidas. Me gustar\u00eda continuar mi trabajo en la Escuela Elemental de Seymour.<\/p>\n<p>Esta p\u00e1gina es una muestra de mi trabajo del curso. Mi presentaci\u00f3n final es sobre mi experiencia en la escuela. Se puede ver aqu\u00ed.<\/p>\n<p><a href=\"https:\/\/mticioqu.expressions.syr.edu\/spanish439display\/wp-content\/uploads\/sites\/4\/2013\/12\/Final-Presentation1.pdf\">Final Presentation<\/a><\/p>\n","protected":false},"excerpt":{"rendered":"<p>\u00a1Hola! Me llamo Alex. Soy una estudiante de la Universidad de Syracuse. Estoy en mi \u00faltimo a\u00f1o. Mi especialidad es periodismo, pero tengo una especialidad en espa\u00f1ol, tambi\u00e9n. Tom\u00e9 la clase del servicio del comunidad para practicar espa\u00f1ol en una situaci\u00f3n real. Tambi\u00e9n, quer\u00eda a ayudar los ni\u00f1os en el Near Westside de Syracuse. Complet\u00e9 &hellip; <a href=\"https:\/\/mticioqu.expressions.syr.edu\/spanish439display\/alex\/\" class=\"more-link\">Continue reading <span class=\"screen-reader-text\">Alex<\/span> <span class=\"meta-nav\">&rarr;<\/span><\/a><\/p>\n","protected":false},"author":13,"featured_media":0,"parent":0,"menu_order":0,"comment_status":"open","ping_status":"open","template":"","meta":[],"_links":{"self":[{"href":"https:\/\/mticioqu.expressions.syr.edu\/spanish439display\/wp-json\/wp\/v2\/pages\/19"}],"collection":[{"href":"https:\/\/mticioqu.expressions.syr.edu\/spanish439display\/wp-json\/wp\/v2\/pages"}],"about":[{"href":"https:\/\/mticioqu.expressions.syr.edu\/spanish439display\/wp-json\/wp\/v2\/types\/page"}],"author":[{"embeddable":true,"href":"https:\/\/mticioqu.expressions.syr.edu\/spanish439display\/wp-json\/wp\/v2\/users\/13"}],"replies":[{"embeddable":true,"href":"https:\/\/mticioqu.expressions.syr.edu\/spanish439display\/wp-json\/wp\/v2\/comments?post=19"}],"version-history":[{"count":9,"href":"https:\/\/mticioqu.expressions.syr.edu\/spanish439display\/wp-json\/wp\/v2\/pages\/19\/revisions"}],"predecessor-version":[{"id":166,"href":"https:\/\/mticioqu.expressions.syr.edu\/spanish439display\/wp-json\/wp\/v2\/pages\/19\/revisions\/166"}],"wp:attachment":[{"href":"https:\/\/mticioqu.expressions.syr.edu\/spanish439display\/wp-json\/wp\/v2\/media?parent=19"}],"curies":[{"name":"wp","href":"https:\/\/api.w.org\/{rel}","templated":true}]}}