
{"id":2,"date":"2013-11-22T10:32:34","date_gmt":"2013-11-22T10:32:34","guid":{"rendered":"https:\/\/mticioqu.expressions.syr.edu\/spa439\/?page_id=2"},"modified":"2013-12-23T05:02:35","modified_gmt":"2013-12-23T05:02:35","slug":"sample-page","status":"publish","type":"page","link":"https:\/\/mticioqu.expressions.syr.edu\/spanish439display\/sample-page\/","title":{"rendered":"Presentaciones Orales de Grupo en la Clase"},"content":{"rendered":"<p>Tenemos algunos reuniones para preparar presentaciones sobre diferentes aspectos de la cultura espa\u00f1ola. Puede ver nuestros tres presentaciones aqu\u00ed.<\/p>\n<p><a href=\"https:\/\/mticioqu.expressions.syr.edu\/spanish439display\/wp-content\/uploads\/sites\/4\/2013\/11\/Presentation2-6.pdf\">Presentation2-6<\/a> <a href=\"https:\/\/mticioqu.expressions.syr.edu\/spanish439display\/wp-content\/uploads\/sites\/4\/2013\/11\/Latinos-en-ArtyCiencias.pdf\">Latinos en ArtyCiencia<\/a><\/p>\n<p><a href=\"https:\/\/mticioqu.expressions.syr.edu\/spanish439display\/wp-content\/uploads\/sites\/4\/2013\/11\/Asimilacion-y-aculturacion.mov\">Asimilacion y aculturaci\u00f3n<\/a><\/p>\n<p><a href=\"https:\/\/mticioqu.expressions.syr.edu\/spanish439display\/wp-content\/uploads\/sites\/4\/2013\/11\/Spanglish-y-ingles-chican@.mov\">Spanglish y ingles chican@<\/a><\/p>\n<p><a href=\"https:\/\/mticioqu.expressions.syr.edu\/spanish439display\/wp-content\/uploads\/sites\/4\/2013\/11\/Aprendizaje-mediante-servicio.mov\">Aprendizaje mediante servicio<\/a><\/p>\n<p><a href=\"https:\/\/mticioqu.expressions.syr.edu\/spanish439display\/wp-content\/uploads\/sites\/4\/2013\/11\/Los-latinos-en-los-EEUU.pdf\">Los latinos en los EEUU<\/a><\/p>\n<p><a href=\"https:\/\/mticioqu.expressions.syr.edu\/spanish439display\/wp-content\/uploads\/sites\/4\/2013\/11\/SPA-439-Presentacion-Oral-2-2.pdf\">Mantenimiento de la lengua de Espa\u00f1ol<\/a><\/p>\n<p><a href=\"https:\/\/mticioqu.expressions.syr.edu\/spanish439display\/wp-content\/uploads\/sites\/4\/2013\/11\/La-historia-del-castellano.pdf\">La historia del castellano<\/a><\/p>\n<p><a href=\"https:\/\/mticioqu.expressions.syr.edu\/spanish439display\/wp-content\/uploads\/sites\/4\/2013\/11\/Hablante-de-Herencia.pptx\">Hablante de Herencia<\/a><\/p>\n<p><a href=\"http:\/\/prezi.com\/wnxbrrh0tott\/historia-de-los-latinos-en-los-estados-unidos\/\">Historia de Los Latinos en Los Estados Unidos<\/a><\/p>\n<p>&nbsp;<\/p>\n<p>&nbsp;<\/p>\n","protected":false},"excerpt":{"rendered":"<p>Tenemos algunos reuniones para preparar presentaciones sobre diferentes aspectos de la cultura espa\u00f1ola. Puede ver nuestros tres presentaciones aqu\u00ed. Presentation2-6 Latinos en ArtyCiencia Asimilacion y aculturaci\u00f3n Spanglish y ingles chican@ Aprendizaje mediante servicio Los latinos en los EEUU Mantenimiento de la lengua de Espa\u00f1ol La historia del castellano Hablante de Herencia Historia de Los Latinos &hellip; <a href=\"https:\/\/mticioqu.expressions.syr.edu\/spanish439display\/sample-page\/\" class=\"more-link\">Continue reading <span class=\"screen-reader-text\">Presentaciones Orales de Grupo en la Clase<\/span> <span class=\"meta-nav\">&rarr;<\/span><\/a><\/p>\n","protected":false},"author":1,"featured_media":0,"parent":0,"menu_order":0,"comment_status":"open","ping_status":"open","template":"","meta":[],"_links":{"self":[{"href":"https:\/\/mticioqu.expressions.syr.edu\/spanish439display\/wp-json\/wp\/v2\/pages\/2"}],"collection":[{"href":"https:\/\/mticioqu.expressions.syr.edu\/spanish439display\/wp-json\/wp\/v2\/pages"}],"about":[{"href":"https:\/\/mticioqu.expressions.syr.edu\/spanish439display\/wp-json\/wp\/v2\/types\/page"}],"author":[{"embeddable":true,"href":"https:\/\/mticioqu.expressions.syr.edu\/spanish439display\/wp-json\/wp\/v2\/users\/1"}],"replies":[{"embeddable":true,"href":"https:\/\/mticioqu.expressions.syr.edu\/spanish439display\/wp-json\/wp\/v2\/comments?post=2"}],"version-history":[{"count":11,"href":"https:\/\/mticioqu.expressions.syr.edu\/spanish439display\/wp-json\/wp\/v2\/pages\/2\/revisions"}],"predecessor-version":[{"id":171,"href":"https:\/\/mticioqu.expressions.syr.edu\/spanish439display\/wp-json\/wp\/v2\/pages\/2\/revisions\/171"}],"wp:attachment":[{"href":"https:\/\/mticioqu.expressions.syr.edu\/spanish439display\/wp-json\/wp\/v2\/media?parent=2"}],"curies":[{"name":"wp","href":"https:\/\/api.w.org\/{rel}","templated":true}]}}