
{"id":26,"date":"2013-12-06T15:37:56","date_gmt":"2013-12-06T15:37:56","guid":{"rendered":"https:\/\/mticioqu.expressions.syr.edu\/spanish439display\/?page_id=26"},"modified":"2013-12-11T03:45:32","modified_gmt":"2013-12-11T03:45:32","slug":"john-tummino","status":"publish","type":"page","link":"https:\/\/mticioqu.expressions.syr.edu\/spanish439display\/john-tummino\/","title":{"rendered":"John"},"content":{"rendered":"<p><a href=\"https:\/\/mticioqu.expressions.syr.edu\/spanish439display\/wp-content\/uploads\/sites\/4\/2013\/12\/Mi-experiencia-con-Nosotros-Radio.pptx\">Mi experiencia con Nosotros Radio<\/a><\/p>\n<p>\u00a1Hola! \u00a0Me llamo\u00a0John Tummino. \u00a0Estoy en mi tercer\u00a0a\u00f1o en Syracuse University. \u00a0Estudio el periodismo para la televisi\u00f3n. \u00a0Este semestre, b\u00e1sicamente serv\u00ed\u00a0como reportero de radio para Nosotros Radio.\u00a0 La meta de mi trabajo fue llevarles las noticias locales importantes para personas latinas por la radio.\u00a0 Nosotros Radio transmite cada fin de semana, as\u00ed pas\u00e9 las semanas haciendo historias de radio para ser emitidas en los fines de las semanas.<\/p>\n<p>Desgraciadamente, por hacer este trabajo, no conoc\u00ed muchas personas nuevas, lugares, o modos de vida.\u00a0 La mayor\u00eda de mis entrevistas tuvieron lugar en o alrededor de campus.\u00a0 Esto fue porque no tuve acceso a un coche.\u00a0 Pero creo que todav\u00eda cont\u00e9 unas historias interesantes de personas hispanas en Syracuse.<\/p>\n<p>Vi mi propio papel como reportero como una conexi\u00f3n entre la comunidad hisp\u00e1nica en Syracuse y las vidas y experiencias de estudiantes hispanos aqu\u00ed en la universidad.\u00a0 En cada de las historias que hice, uno de los hablantes tuvo alg\u00fan tipo de conexi\u00f3n con la universidad.\u00a0 Es muy importante que la gente hispana de Syracuse se conecte con una comunidad diferente, en este caso los estudiantes y profesores que siempre est\u00e1n en la colina de la universidad.<\/p>\n<p>Mi trabajo comunitario tambi\u00e9n sirvi\u00f3 como un taller donde pude experimentar con el acto de ser reportero para la radio. \u00a0Hasta que empec\u00e9 este trabajo, nunca hice reportajes en espa\u00f1ol.\u00a0 En mi futuro quiero ser reportero para la televisi\u00f3n, y no estoy seguro si quiero ser reportero para un servicio de noticias hispanohablante, pero fue muy bueno que este trabajo juntara el acto de aprender y practicar el hablar, escribir, y escuchar espa\u00f1ol con mis ambiciones period\u00edsticas.<\/p>\n<p>Este trabajo fue muy exigente.\u00a0 Lo me oblig\u00f3 a\u00a0que yo pasara mucho tiempo escribiendo, grabando, y finalizando la historia que eventualmente se emitia. \u00a0Pero me divierte ser reportero, y especialmente disfrut\u00e9 el hecho de ser\u00a0un reportero en espa\u00f1ol.<\/p>\n","protected":false},"excerpt":{"rendered":"<p>Mi experiencia con Nosotros Radio \u00a1Hola! \u00a0Me llamo\u00a0John Tummino. \u00a0Estoy en mi tercer\u00a0a\u00f1o en Syracuse University. \u00a0Estudio el periodismo para la televisi\u00f3n. \u00a0Este semestre, b\u00e1sicamente serv\u00ed\u00a0como reportero de radio para Nosotros Radio.\u00a0 La meta de mi trabajo fue llevarles las noticias locales importantes para personas latinas por la radio.\u00a0 Nosotros Radio transmite cada fin de &hellip; <a href=\"https:\/\/mticioqu.expressions.syr.edu\/spanish439display\/john-tummino\/\" class=\"more-link\">Continue reading <span class=\"screen-reader-text\">John<\/span> <span class=\"meta-nav\">&rarr;<\/span><\/a><\/p>\n","protected":false},"author":16,"featured_media":0,"parent":0,"menu_order":0,"comment_status":"open","ping_status":"open","template":"","meta":[],"_links":{"self":[{"href":"https:\/\/mticioqu.expressions.syr.edu\/spanish439display\/wp-json\/wp\/v2\/pages\/26"}],"collection":[{"href":"https:\/\/mticioqu.expressions.syr.edu\/spanish439display\/wp-json\/wp\/v2\/pages"}],"about":[{"href":"https:\/\/mticioqu.expressions.syr.edu\/spanish439display\/wp-json\/wp\/v2\/types\/page"}],"author":[{"embeddable":true,"href":"https:\/\/mticioqu.expressions.syr.edu\/spanish439display\/wp-json\/wp\/v2\/users\/16"}],"replies":[{"embeddable":true,"href":"https:\/\/mticioqu.expressions.syr.edu\/spanish439display\/wp-json\/wp\/v2\/comments?post=26"}],"version-history":[{"count":10,"href":"https:\/\/mticioqu.expressions.syr.edu\/spanish439display\/wp-json\/wp\/v2\/pages\/26\/revisions"}],"predecessor-version":[{"id":129,"href":"https:\/\/mticioqu.expressions.syr.edu\/spanish439display\/wp-json\/wp\/v2\/pages\/26\/revisions\/129"}],"wp:attachment":[{"href":"https:\/\/mticioqu.expressions.syr.edu\/spanish439display\/wp-json\/wp\/v2\/media?parent=26"}],"curies":[{"name":"wp","href":"https:\/\/api.w.org\/{rel}","templated":true}]}}