
{"id":28,"date":"2013-12-06T16:33:16","date_gmt":"2013-12-06T16:33:16","guid":{"rendered":"https:\/\/mticioqu.expressions.syr.edu\/spanish439display\/?page_id=28"},"modified":"2013-12-19T23:01:34","modified_gmt":"2013-12-19T23:01:34","slug":"amanda-quinn","status":"publish","type":"page","link":"https:\/\/mticioqu.expressions.syr.edu\/spanish439display\/amanda-quinn\/","title":{"rendered":"Amanda Quinn"},"content":{"rendered":"<p>Soy una estudiante en mi \u00faltimo a\u00f1o a la Universidad de Syracuse, estudiando Antropolog\u00eda con un enfoque en derechos humanos y antropolog\u00eda forense. \u00a0Tambi\u00e9n estoy estudiando Espa\u00f1ol, con una concentraci\u00f3n secundaria en biolog\u00eda. \u00a0Me inscrib\u00ed en esta clase, SPA 439, porque me gusta la idea de mejorar sus capacidades ling\u00fc\u00edsticas a trav\u00e9s de servicio en la comunidad. \u00a0Yo intent\u00e9 vincular esta clase con mis experiencias de investigaci\u00f3n independiente en Guatemala este semestre.<\/p>\n<p>Video Final- Guatemala<\/p>\n<p><a href=\"https:\/\/mticioqu.expressions.syr.edu\/spanish439display\/wp-content\/uploads\/sites\/4\/2013\/12\/Proyecto-sobre-Guatemala-small.mov\">Proyecto sobre Guatemala<\/a><\/p>\n<p>&nbsp;<\/p>\n<p>&nbsp;<\/p>\n<p>&nbsp;<\/p>\n<p>&nbsp;<\/p>\n<p>&nbsp;<\/p>\n<p>&nbsp;<\/p>\n","protected":false},"excerpt":{"rendered":"<p>Soy una estudiante en mi \u00faltimo a\u00f1o a la Universidad de Syracuse, estudiando Antropolog\u00eda con un enfoque en derechos humanos y antropolog\u00eda forense. \u00a0Tambi\u00e9n estoy estudiando Espa\u00f1ol, con una concentraci\u00f3n secundaria en biolog\u00eda. \u00a0Me inscrib\u00ed en esta clase, SPA 439, porque me gusta la idea de mejorar sus capacidades ling\u00fc\u00edsticas a trav\u00e9s de servicio en &hellip; <a href=\"https:\/\/mticioqu.expressions.syr.edu\/spanish439display\/amanda-quinn\/\" class=\"more-link\">Continue reading <span class=\"screen-reader-text\">Amanda Quinn<\/span> <span class=\"meta-nav\">&rarr;<\/span><\/a><\/p>\n","protected":false},"author":14,"featured_media":0,"parent":0,"menu_order":0,"comment_status":"open","ping_status":"open","template":"","meta":[],"_links":{"self":[{"href":"https:\/\/mticioqu.expressions.syr.edu\/spanish439display\/wp-json\/wp\/v2\/pages\/28"}],"collection":[{"href":"https:\/\/mticioqu.expressions.syr.edu\/spanish439display\/wp-json\/wp\/v2\/pages"}],"about":[{"href":"https:\/\/mticioqu.expressions.syr.edu\/spanish439display\/wp-json\/wp\/v2\/types\/page"}],"author":[{"embeddable":true,"href":"https:\/\/mticioqu.expressions.syr.edu\/spanish439display\/wp-json\/wp\/v2\/users\/14"}],"replies":[{"embeddable":true,"href":"https:\/\/mticioqu.expressions.syr.edu\/spanish439display\/wp-json\/wp\/v2\/comments?post=28"}],"version-history":[{"count":5,"href":"https:\/\/mticioqu.expressions.syr.edu\/spanish439display\/wp-json\/wp\/v2\/pages\/28\/revisions"}],"predecessor-version":[{"id":160,"href":"https:\/\/mticioqu.expressions.syr.edu\/spanish439display\/wp-json\/wp\/v2\/pages\/28\/revisions\/160"}],"wp:attachment":[{"href":"https:\/\/mticioqu.expressions.syr.edu\/spanish439display\/wp-json\/wp\/v2\/media?parent=28"}],"curies":[{"name":"wp","href":"https:\/\/api.w.org\/{rel}","templated":true}]}}