
{"id":3,"date":"2013-11-22T10:52:35","date_gmt":"2013-11-22T10:52:35","guid":{"rendered":"https:\/\/mticioqu.expressions.syr.edu\/spanish439display\/?page_id=3"},"modified":"2013-12-06T15:25:05","modified_gmt":"2013-12-06T15:25:05","slug":"loreley","status":"publish","type":"page","link":"https:\/\/mticioqu.expressions.syr.edu\/spanish439display\/loreley\/","title":{"rendered":"Loreley"},"content":{"rendered":"<p>\u00a1Hola! Me llamo Loreley G\u00f3mez y estoy en mi segundo a\u00f1o de estudios de maestr\u00eda en la Universidad de Syracuse. Nac\u00ed en Argentina y ahora vivo en Syracuse, NY. Decid\u00ed tomar esta clase porque quer\u00eda conectarme con la comunidad hispana m\u00e1s necesitada. Espero que les guste el trabajo que he hecho durante el semestre en la clase SPA 439\/639 &#8220;Community Outreach&#8221;. Aqu\u00ed pueden ver mi presentaci\u00f3n final en donde encontrar\u00e1n algunos de los proyectos en los que trabaj\u00e9 en la oficina de enlace cultural de la Universidad de Syracuse. Muchas gracias por visitar mi p\u00e1gina \ud83d\ude42<\/p>\n<p>Aqu\u00ed les comparto una parte muy relevante de uno de mis blogs:<\/p>\n<p>Con respecto a lo que este trabajo ha significado para m\u00ed&#8230;.bueno, me ha hecho reevaluar ciertos aspectos de mi vida, como mi futuro y mis metas. Antes de empezar esta clase, pens\u00e9 que iba a tomarme un a\u00f1o de descanso despu\u00e9s de la maestr\u00eda, trabajar y al mismo tiempo aplicar para programas de doctorados en la costa este del pa\u00eds. Ahora, creo que debo usar mis destrezas (el ser biling\u00fce) para ayudar a las personas. Pienso buscar trabajo en algo en que pueda ayudar a las personas que m\u00e1s lo necesitan, ya sea a nivel local, regional, estatal o tal vez &#8230; \u00a1nacional!. No s\u00e9, tengo que considerar varias cosas, pero sinceramente, creo que \u00e9so me har\u00eda feliz. No hubiese tenido esta &#8220;visi\u00f3n&#8221; si no hubiese sido por este curso, as\u00ed que estoy muy contenta de haberlo tomado \ud83d\ude42<\/p>\n<p><a href=\"https:\/\/mticioqu.expressions.syr.edu\/spanish439display\/wp-content\/uploads\/sites\/4\/2013\/11\/SPA-639-Individual-Presentation.pdf\">SPA 639 Individual Presentation<\/a><\/p>\n<p><a href=\"https:\/\/mticioqu.expressions.syr.edu\/spanish439display\/wp-content\/uploads\/sites\/4\/2013\/11\/SPA-639-Individual-Presentation.mov\">SPA 639 Individual Presentation<\/a><\/p>\n<p>Hi! My name is Loreley G\u00f3mez and I&#8217;m a second-year master&#8217;s student at Syracuse University. I was born in Argentina but now I live in Syracuse, NY. I decided to take this course because I wanted to connect with the underprivileged hispanic community. I hope you enjoy the work I&#8217;ve done during the semester in SPA 439\/639 &#8220;Community Outreach&#8221;. \u00a0Here you can see my final presentation where you will find some of the projects I have worked on at the SU Office of Cultural Engagement. Thank you very much for visiting my page \ud83d\ude42<\/p>\n<p>Here&#8217;s an important segment from one of my blogs:<\/p>\n<p>In regards of what this job has meant to me\u2026well, it \u00a0has made me reevaluate certain aspects of my life, like my future and my goals. Before this class started, I thought I would take a year off after my master&#8217;s program, work and, at the same time, apply to PhD programs on the East coast. Now, I think I should use my skills (being bilingual) to help people. I want to look for a job where I can help those that need it the most, whether it&#8217;s local, regional, state, or even at the national level! I don&#8217;t know, I have many things to consider, but honestly, I think this would make me very happy. I wouldn&#8217;t have had this &#8220;revelation&#8221; if it weren&#8217;t for this course, therefore, I&#8217;m very glad to have taken it \ud83d\ude42<\/p>\n","protected":false},"excerpt":{"rendered":"<p>\u00a1Hola! Me llamo Loreley G\u00f3mez y estoy en mi segundo a\u00f1o de estudios de maestr\u00eda en la Universidad de Syracuse. Nac\u00ed en Argentina y ahora vivo en Syracuse, NY. Decid\u00ed tomar esta clase porque quer\u00eda conectarme con la comunidad hispana m\u00e1s necesitada. Espero que les guste el trabajo que he hecho durante el semestre en &hellip; <a href=\"https:\/\/mticioqu.expressions.syr.edu\/spanish439display\/loreley\/\" class=\"more-link\">Continue reading <span class=\"screen-reader-text\">Loreley<\/span> <span class=\"meta-nav\">&rarr;<\/span><\/a><\/p>\n","protected":false},"author":1,"featured_media":0,"parent":0,"menu_order":0,"comment_status":"open","ping_status":"open","template":"","meta":[],"_links":{"self":[{"href":"https:\/\/mticioqu.expressions.syr.edu\/spanish439display\/wp-json\/wp\/v2\/pages\/3"}],"collection":[{"href":"https:\/\/mticioqu.expressions.syr.edu\/spanish439display\/wp-json\/wp\/v2\/pages"}],"about":[{"href":"https:\/\/mticioqu.expressions.syr.edu\/spanish439display\/wp-json\/wp\/v2\/types\/page"}],"author":[{"embeddable":true,"href":"https:\/\/mticioqu.expressions.syr.edu\/spanish439display\/wp-json\/wp\/v2\/users\/1"}],"replies":[{"embeddable":true,"href":"https:\/\/mticioqu.expressions.syr.edu\/spanish439display\/wp-json\/wp\/v2\/comments?post=3"}],"version-history":[{"count":5,"href":"https:\/\/mticioqu.expressions.syr.edu\/spanish439display\/wp-json\/wp\/v2\/pages\/3\/revisions"}],"predecessor-version":[{"id":59,"href":"https:\/\/mticioqu.expressions.syr.edu\/spanish439display\/wp-json\/wp\/v2\/pages\/3\/revisions\/59"}],"wp:attachment":[{"href":"https:\/\/mticioqu.expressions.syr.edu\/spanish439display\/wp-json\/wp\/v2\/media?parent=3"}],"curies":[{"name":"wp","href":"https:\/\/api.w.org\/{rel}","templated":true}]}}