
{"id":36,"date":"2013-12-23T22:12:13","date_gmt":"2013-12-23T22:12:13","guid":{"rendered":"https:\/\/mticioqu.expressions.syr.edu\/spanish439display\/?page_id=36"},"modified":"2013-12-24T10:10:41","modified_gmt":"2013-12-24T10:10:41","slug":"ignacio-nava-auza","status":"publish","type":"page","link":"https:\/\/mticioqu.expressions.syr.edu\/spanish439display\/ignacio-nava-auza\/","title":{"rendered":"Ignacio Nava Auza"},"content":{"rendered":"<p>Buenos Dias,<\/p>\n<p>Mi nombre es Ignacio Nava Auza. Ahora soy un estudiante de Relaciones Internacionales en Syracuse University. Soy Boliviano y a pesar de tener un buen dominio del espa\u00f1ol, nunca tuve una educaci\u00f3n formal. Decid\u00ed tomar una clase de nivel avanzado para escribir mas y mejor. Al mismo tiempo, despu\u00e9s de dos anos en SU, me di cuenta que me hab\u00eda involucrado mucho dentro de la universidad pero ya no hacia servicio comunitario, un gran parte de mi vida preuniversitaria. Como estudiante de antropolog\u00eda, me quedaba confundido con la identidad latina en los Estados Unidos. Al final encontr\u00e9 LAS\/SPA 439: Community Outreach: Language in Action, una clase de espa\u00f1ol que facilita un voluntariado en la comunidad latina de Syracuse. Fue una perfecta oportunidad. Las primeras clases fueron una serie de presentaciones hechos por los mis compa\u00f1eros y yo sobre varios temas incluyendo Latinos famosos, el desarrollo de &#8220;Spanglish&#8221;, Inmigraciones de Latinoam\u00e9rica a los EEUU, entre otros temas. Para el comienzo de Octubre, me hab\u00edan asignado trabajar en La Liga, una organizaci\u00f3n comunitaria, y espec\u00edficamente con Nuestro Futuro, un programa para la juventud. \u00a0Despu\u00e9s de un semestre, y ocho semanas de voluntariado, salgo extremamente contento con la experiencia. Recomiendo la clase a todos los estudiantes que comparten mi pasi\u00f3n por servicio, cultura, y educaci\u00f3n. Tambi\u00e9n incluyo una presentaci\u00f3n con mas detalles de mi experiencia.<\/p>\n<p>Atentamente,<\/p>\n<p>Ignacio<\/p>\n<p><a href=\"https:\/\/mticioqu.expressions.syr.edu\/spanish439display\/wp-content\/uploads\/sites\/4\/2013\/12\/Final.pptx\">Presentacion_Final<\/a><br \/>\nVideo Entrevistas con Rita (Directora de La LIGA) \u00a0y Yanetsy (Coordinadora de Nuestro Futuro):<\/p>\n<p>Aqui se encuentra mi primer blog, que explica entre muchas cosas el dia a dia de mi trabajo como voluntario. Si le interesaria saber mas, porfavor preguntenme atravez de mi correo electronico, ninavaau@syr.edu.<\/p>\n<p>&#8220;Hoy fue mi primer d\u00eda voluntariado en La Liga, y fue realmente una alegr\u00eda. A pesar de haber comenzando una semana despu\u00e9s de lo ideal, por causa de una confusi\u00f3n que tuve con Shannon, la directora ejecutiva, fui recibido con manos abiertas por los dos lideres del programa de los j\u00f3venes: ambos Cubanos.\u00a0 Aunque deber\u00eda comenzar a las 2, llegue a la 1 y media porque tuve que caminar desde el Warehouse, y aproveche para aprender mas sobre el programa y el trabajo de la Liga, en general. En total, son veinte y dos chicos y chicas, aunque raramente consiguen venir todos, que vienen todos los Lunes a Jueves, para hacer tareas, comer un merienda, y hacer alg\u00fan proyecto entre equipo. Generalmente, llegan en dos grupos, el primer a las 2:15 y el segundo a las 4:00. El primero hace tareas hasta las 4:00, porque cuando llega el segundo, todos toman jugo y comen galletas junto. Despu\u00e9s hay una actividad o presentaci\u00f3n hasta las 5:15 cuando el primer grupo vuelve a su casa. El segundo grupo comienza las tareas y generalmente vuelven a la casa un poco despu\u00e9s de las 6:00.<\/p>\n<p>Sin embargo, lo mejor fue la oportunidad de estar con los chicos, que con la excepci\u00f3n de uno, tienen entre 6-11 anos de edad. Son una ternura, y demasiado divertidos. Un lindo y refrescante descanso de la seriedad que se encuentra en un campus universitario, especialmente con las clases de relaciones internacionales que estoy tomando este semestre.<\/p>\n<p>Los chicos llegaron a hora y tuvieron que dejar sus mochillas en unos colgadores antes de entrar al cuarto (el mismo que estuvimos cuando [nombre] nos presento sobre que hace la Liga).\u00a0 Tienen que sacar su tarea, pararse en una fila organizada y escribir su nombre en un papel antes de poder entrar. Al entrar, la \u201cMissy\u201d o \u201cla profe\u201d, como los chicos acostumbran a llamarle les dice donde se tienen que sentar, que depende en cual ano est\u00e9n en la escuela. Despu\u00e9s por estar presente, uno por uno, tuvieron que presentarse por su nombre. El chiste entre el grupo, que ya se conocen por unas tres semanas, era malinterpretar mi nombre. Porque los chicos son \u201clatin@s\u201d, les dije mi nombre verdadero\u00a0 \u201cIgnacio\u201d env\u00e9s de \u201cIggy\u201d lo que me llamo para mis compa\u00f1eros en\u00a0 SU. Los chicos se rieron y me llamaron \u201cGimnasio\u201d por la mayor\u00eda del d\u00eda, como broma. Otra cosa curiosa fue que al presentarse, la profe concluyo, \u201dfulano es hermano de fulana, que son primos de mariana que es hermana de mariano, etc. y que todos ac\u00e1 somos una grande familia\u201d. Hasta los chicos que realmente no eran de la misma sangre se consideraban familia. Me pareci\u00f3 una linda ra\u00edz de nuestra cultura latina.<\/p>\n<p>Me toco suerte al tener que ayudar al chico con mayor edad, Ezequiel con su tarea de ingles. El chico, a pesar de dominar bien el ingles y el espa\u00f1ol, solo me hablaba en ingles, aunque me entend\u00eda el espa\u00f1ol. Y aunque supo hacer su tarea, con bastante facilidad, tuve que forzarlo a escribir las respuestas varias veces porque escrib\u00eda muy mal aprop\u00f3sito, por querer ser vago.<\/p>\n<p>Despu\u00e9s de la tarea que duro un poco mas de veinte minutos, fue todo una peque\u00f1a fiesta. Una chica tenia una baraja de cartas, entonces los conquiste con unos trucos de magia. Una chiquita de Puerto Rico, \u201cSofia\u201d (nombres fueron cambiados), hacia sus propios trucos, al jugar con mi cabello y decirme que tengo piojos. Busca y pretende agarrar algo, despu\u00e9s pone sus dedos a mi oreja y choca sus unas para hacer un sonido como si realmente estuviera matando un bichito. Todos se re\u00edan. Y yo con miedo que la profe crea que sea realidad y me saquen a gritos del programa. jaja. Despu\u00e9s Alihyanis me ayudo a dibujar un flor y escribir \u201cMiss Patri is pretty\u201d, una amiga m\u00eda que ense\u00f1a a chicos y chicas de parecida edades.<\/p>\n<p>El d\u00eda paso r\u00e1pidamente y a las 5:30, me volv\u00ed caminando al Warehouse. A pesar de considerarme un estudiante muy social y nada t\u00edmido, fui sorprendido con la rapidez que los chicos tuvieron para sentirse c\u00f3modos conmigo.\u00a0 Despu\u00e9s de solo tres horas y poco, me abrazaron y besaron como si fu\u00e9ramos primos y familia de verdad.&#8221;<\/p>\n<p>&nbsp;<\/p>\n","protected":false},"excerpt":{"rendered":"<p>Buenos Dias, Mi nombre es Ignacio Nava Auza. Ahora soy un estudiante de Relaciones Internacionales en Syracuse University. Soy Boliviano y a pesar de tener un buen dominio del espa\u00f1ol, nunca tuve una educaci\u00f3n formal. Decid\u00ed tomar una clase de nivel avanzado para escribir mas y mejor. Al mismo tiempo, despu\u00e9s de dos anos en &hellip; <a href=\"https:\/\/mticioqu.expressions.syr.edu\/spanish439display\/ignacio-nava-auza\/\" class=\"more-link\">Continue reading <span class=\"screen-reader-text\">Ignacio Nava Auza<\/span> <span class=\"meta-nav\">&rarr;<\/span><\/a><\/p>\n","protected":false},"author":12,"featured_media":0,"parent":0,"menu_order":0,"comment_status":"open","ping_status":"open","template":"","meta":[],"_links":{"self":[{"href":"https:\/\/mticioqu.expressions.syr.edu\/spanish439display\/wp-json\/wp\/v2\/pages\/36"}],"collection":[{"href":"https:\/\/mticioqu.expressions.syr.edu\/spanish439display\/wp-json\/wp\/v2\/pages"}],"about":[{"href":"https:\/\/mticioqu.expressions.syr.edu\/spanish439display\/wp-json\/wp\/v2\/types\/page"}],"author":[{"embeddable":true,"href":"https:\/\/mticioqu.expressions.syr.edu\/spanish439display\/wp-json\/wp\/v2\/users\/12"}],"replies":[{"embeddable":true,"href":"https:\/\/mticioqu.expressions.syr.edu\/spanish439display\/wp-json\/wp\/v2\/comments?post=36"}],"version-history":[{"count":5,"href":"https:\/\/mticioqu.expressions.syr.edu\/spanish439display\/wp-json\/wp\/v2\/pages\/36\/revisions"}],"predecessor-version":[{"id":181,"href":"https:\/\/mticioqu.expressions.syr.edu\/spanish439display\/wp-json\/wp\/v2\/pages\/36\/revisions\/181"}],"wp:attachment":[{"href":"https:\/\/mticioqu.expressions.syr.edu\/spanish439display\/wp-json\/wp\/v2\/media?parent=36"}],"curies":[{"name":"wp","href":"https:\/\/api.w.org\/{rel}","templated":true}]}}