
{"id":47,"date":"2013-12-06T15:14:48","date_gmt":"2013-12-06T15:14:48","guid":{"rendered":"https:\/\/mticioqu.expressions.syr.edu\/spanish439display\/?page_id=47"},"modified":"2013-12-06T15:54:36","modified_gmt":"2013-12-06T15:54:36","slug":"maya","status":"publish","type":"page","link":"https:\/\/mticioqu.expressions.syr.edu\/spanish439display\/maya\/","title":{"rendered":"Maya"},"content":{"rendered":"<p>Hola. Mi nombre es Maya. Soy una estudiante de la Universidad de Syracuse, donde estudio periodismo y espa\u00f1ol. En este blog encontrar\u00e1 un resumen del trabajo que hice este semestre en la comunidad de Syracuse. Espec\u00edficamente, trabaj\u00e9 en Seymour Dual Language Academy en la clase del primer grado del Sr. Ortiz. Cada semana, fui a la escuela el mi\u00e9rcoles como un ayudante de aula, ayudando con las matem\u00e1ticas y lenguaje. Tambi\u00e9n hice carteles que contribuyeron al aula como recursos permanentes. Adem\u00e1s, he aprendido mucho acerca de la comunidad de Syracuse, el Near Westside, y el estado de la educaci\u00f3n biling\u00fce en los Estados Unidos.<\/p>\n<p>Despu\u00e9s de trabajar en la escuela por 30 horas este semestre, puedo decir con certeza que fue una gran experiencia. Aunque yo no quiero seguir en la educaci\u00f3n como mi carrera en el futuro, tuve una experiencia inolvidable en Seymour &#8211; y espero continuar como voluntario all\u00ed en el futuro.<\/p>\n<p>Abajo est\u00e1 mi presenation final del semestre, en el que resumo mis experiencias en Seymour. Disfrute!<\/p>\n<p><a href=\"https:\/\/mticioqu.expressions.syr.edu\/spanish439display\/wp-content\/uploads\/sites\/4\/2013\/12\/SPA-pres-Kosoff-1.pdf\">Final Pres. &#8211; Kosoff<\/a><\/p>\n<p>Hello. My name is Maya. I am a student at Syracuse University, where I study journalism and Spanish. This blog is a summary of the work I did this semester in the Syracuse community. Specifically , I worked in Seymour Dual Language Academy in the first grade class of Mr. Ortiz. Every week, I went to school on Wednesday as a classroom assistant, helping with math and languages. I also made posters that contributed to the classroom as a permanent resource . Also, I&#8217;ve learned a lot about the community of Syracuse, the Near Westside , and the state of bilingual education in the United States.<\/p>\n<p>After working at the school for 30 hours this semester , I can say with certainty that it was a great experience. Although I did not want to continue in education as my future career , I had an unforgettable experience in Seymour &#8211; and hope to continue volunteering there in the future .<\/p>\n<p>Below is my final presenation of the semester, in which I summarize my experiences in Seymour. Enjoy !<\/p>\n","protected":false},"excerpt":{"rendered":"<p>Hola. Mi nombre es Maya. Soy una estudiante de la Universidad de Syracuse, donde estudio periodismo y espa\u00f1ol. En este blog encontrar\u00e1 un resumen del trabajo que hice este semestre en la comunidad de Syracuse. Espec\u00edficamente, trabaj\u00e9 en Seymour Dual Language Academy en la clase del primer grado del Sr. Ortiz. Cada semana, fui a &hellip; <a href=\"https:\/\/mticioqu.expressions.syr.edu\/spanish439display\/maya\/\" class=\"more-link\">Continue reading <span class=\"screen-reader-text\">Maya<\/span> <span class=\"meta-nav\">&rarr;<\/span><\/a><\/p>\n","protected":false},"author":10,"featured_media":0,"parent":0,"menu_order":0,"comment_status":"open","ping_status":"open","template":"","meta":[],"_links":{"self":[{"href":"https:\/\/mticioqu.expressions.syr.edu\/spanish439display\/wp-json\/wp\/v2\/pages\/47"}],"collection":[{"href":"https:\/\/mticioqu.expressions.syr.edu\/spanish439display\/wp-json\/wp\/v2\/pages"}],"about":[{"href":"https:\/\/mticioqu.expressions.syr.edu\/spanish439display\/wp-json\/wp\/v2\/types\/page"}],"author":[{"embeddable":true,"href":"https:\/\/mticioqu.expressions.syr.edu\/spanish439display\/wp-json\/wp\/v2\/users\/10"}],"replies":[{"embeddable":true,"href":"https:\/\/mticioqu.expressions.syr.edu\/spanish439display\/wp-json\/wp\/v2\/comments?post=47"}],"version-history":[{"count":6,"href":"https:\/\/mticioqu.expressions.syr.edu\/spanish439display\/wp-json\/wp\/v2\/pages\/47\/revisions"}],"predecessor-version":[{"id":73,"href":"https:\/\/mticioqu.expressions.syr.edu\/spanish439display\/wp-json\/wp\/v2\/pages\/47\/revisions\/73"}],"wp:attachment":[{"href":"https:\/\/mticioqu.expressions.syr.edu\/spanish439display\/wp-json\/wp\/v2\/media?parent=47"}],"curies":[{"name":"wp","href":"https:\/\/api.w.org\/{rel}","templated":true}]}}